{"id":12,"date":"2008-03-03T20:10:21","date_gmt":"2008-03-04T01:10:21","guid":{"rendered":"http:\/\/salfass.org\/sportas\/?page_id=12"},"modified":"2024-04-22T09:53:00","modified_gmt":"2024-04-22T14:53:00","slug":"kreipkites","status":"publish","type":"page","link":"http:\/\/www.salfass.org\/sportas\/kreipkites\/","title":{"rendered":"Kontaktai"},"content":{"rendered":"<h1>Contact us<\/h1>\n<div id=\"m_-5048368457244432257yiv2541668013yui_3_16_0_ym19_1_1559663719902_9408\">\n<div id=\"m_-3477066494768828055ydp24fd6380m_-5048368457244432257yiv2541668013yui_3_16_0_ym19_1_1559663719902_9403\" dir=\"ltr\">\n<div><b><u>\u0160ALFASS valdyba<\/u><\/b><\/div>\n<div>\n<div id=\"m_-1361877975475267594m_-1950735337430417756m_2606440255802005231m_-5048368457244432257yiv2541668013yui_3_16_0_ym19_1_1559663719902_9408\">\n<div id=\"m_-1361877975475267594m_-1950735337430417756m_2606440255802005231m_-3477066494768828055ydp24fd6380m_-5048368457244432257yiv2541668013yui_3_16_0_ym19_1_1559663719902_9355\" dir=\"ltr\"><span id=\"m_-1361877975475267594m_-1950735337430417756m_2606440255802005231m_-3477066494768828055ydp24fd6380m_-5048368457244432257yiv2541668013yui_3_16_0_ym19_1_1559663719902_9356\"><span style=\"font-family: arial, sans-serif;\">Stasys Kuliavas, Prezidentas<br \/>\n<a href=\"mailto:stasys@salfass.org\" target=\"_blank\" rel=\"noopener\">stasys@salfass.org<\/a><\/span><\/span><\/div>\n<div id=\"m_-1361877975475267594m_-1950735337430417756m_2606440255802005231m_-3477066494768828055ydp24fd6380m_-5048368457244432257yiv2541668013yui_3_16_0_ym19_1_1559663719902_9355\" dir=\"ltr\"><span style=\"font-family: arial, sans-serif;\">\u00a0<\/span><\/div>\n<div id=\"m_-1361877975475267594m_-1950735337430417756m_2606440255802005231m_-3477066494768828055ydp24fd6380m_-5048368457244432257yiv2541668013yui_3_16_0_ym19_1_1559663719902_9355\" dir=\"ltr\"><span style=\"font-family: arial, sans-serif;\"><span id=\"m_-1361877975475267594m_-1950735337430417756m_2606440255802005231m_-3477066494768828055ydp24fd6380m_-5048368457244432257yui_3_16_0_ym19_1_1559671845258_2272\">Paulius Ri\u0161kus, Vice Prezidentas\/<\/span>Krep\u0161inio sekcijos vadovas<br \/>\n<\/span><\/div>\n<div id=\"m_-1361877975475267594m_-1950735337430417756m_2606440255802005231m_-3477066494768828055ydp24fd6380m_-5048368457244432257yiv2541668013yui_3_16_0_ym19_1_1559663719902_9360\" dir=\"ltr\"><span id=\"m_-1361877975475267594m_-1950735337430417756m_2606440255802005231m_-3477066494768828055ydp24fd6380m_-5048368457244432257yiv2541668013yui_3_16_0_ym19_1_1559663719902_9364\"><span style=\"font-family: arial, sans-serif;\"><a href=\"mailto:paulius@salfass.org\" target=\"_blank\" rel=\"noopener\">paulius@salfass.org<\/a><\/span><\/span><\/div>\n<div id=\"m_-1361877975475267594m_-1950735337430417756m_2606440255802005231m_-3477066494768828055ydp24fd6380m_-5048368457244432257yiv2541668013yui_3_16_0_ym19_1_1559663719902_9360\" dir=\"ltr\"><span style=\"font-family: arial, sans-serif;\">\u00a0<\/span><\/div>\n<div id=\"m_-1361877975475267594m_-1950735337430417756m_2606440255802005231m_-3477066494768828055ydp24fd6380m_-5048368457244432257yiv2541668013yui_3_16_0_ym19_1_1559663719902_9360\"><span style=\"font-family: arial, sans-serif;\">Antanas\u00a0Ri\u0161kus, Narys<\/span><\/div>\n<div id=\"m_-1361877975475267594m_-1950735337430417756m_2606440255802005231m_-3477066494768828055ydp24fd6380m_-5048368457244432257yiv2541668013yui_3_16_0_ym19_1_1559663719902_9360\"><span style=\"font-family: arial, sans-serif;\"><a href=\"mailto:antanas@salfass.org\" target=\"_blank\" rel=\"noopener\">antanas@salfass.org<\/a><\/span><\/div>\n<div id=\"m_-1361877975475267594m_-1950735337430417756m_2606440255802005231m_-3477066494768828055ydp24fd6380m_-5048368457244432257yiv2541668013yui_3_16_0_ym19_1_1559663719902_9360\"><span style=\"font-family: arial, sans-serif;\">\u00a0<\/span><\/div>\n<div id=\"m_-1361877975475267594m_-1950735337430417756m_2606440255802005231m_-3477066494768828055ydp24fd6380m_-5048368457244432257yiv2541668013yui_3_16_0_ym19_1_1559663719902_9360\"><span style=\"font-family: arial, sans-serif;\">Pete Titas, Narys<\/span><\/div>\n<div id=\"m_-1361877975475267594m_-1950735337430417756m_2606440255802005231m_-3477066494768828055ydp24fd6380m_-5048368457244432257yiv2541668013yui_3_16_0_ym19_1_1559663719902_9360\"><span style=\"font-family: arial, sans-serif;\"><a href=\"mailto:pete@salfass.org\" target=\"_blank\" rel=\"noopener\">pete@salfass.org<\/a><\/span><\/div>\n<div id=\"m_-1361877975475267594m_-1950735337430417756m_2606440255802005231m_-3477066494768828055ydp24fd6380m_-5048368457244432257yiv2541668013yui_3_16_0_ym19_1_1559663719902_9360\"><span style=\"font-family: arial, sans-serif;\">\u00a0<\/span><\/div>\n<div id=\"m_-1361877975475267594m_-1950735337430417756m_2606440255802005231m_-3477066494768828055ydp24fd6380m_-5048368457244432257yiv2541668013yui_3_16_0_ym19_1_1559663719902_9360\">\n<div id=\"m_-1361877975475267594m_-1950735337430417756m_2606440255802005231m_-3477066494768828055ydp24fd6380m_-5048368457244432257yiv2541668013yui_3_16_0_ym19_1_1559663719902_9375\"><span style=\"font-family: arial, sans-serif;\">Rasa Mitrulevi\u010dien\u0117, I\u017edinink\u0117 JAV<br \/>\n<\/span><\/div>\n<div id=\"m_-1361877975475267594m_-1950735337430417756m_2606440255802005231m_-3477066494768828055ydp24fd6380m_-5048368457244432257yiv2541668013yui_3_16_0_ym19_1_1559663719902_9380\"><span style=\"font-family: arial, sans-serif;\"><a href=\"mailto:rasa@salfass.org\" target=\"_blank\" rel=\"noopener\">rasa@salfass.org<\/a><\/span><\/div>\n<div id=\"m_-1361877975475267594m_-1950735337430417756m_2606440255802005231m_-3477066494768828055ydp24fd6380m_-5048368457244432257yiv2541668013yui_3_16_0_ym19_1_1559663719902_9380\"><span style=\"font-family: arial, sans-serif;\">\u00a0<\/span><\/div>\n<div><\/div>\n<div id=\"m_-1361877975475267594m_-1950735337430417756m_2606440255802005231m_-3477066494768828055ydp24fd6380m_-5048368457244432257yiv2541668013yui_3_16_0_ym19_1_1559663719902_9383\"><span style=\"font-family: arial, sans-serif;\"><span id=\"m_-1361877975475267594m_-1950735337430417756m_2606440255802005231m_-3477066494768828055ydp24fd6380m_-5048368457244432257yiv2541668013yui_3_16_0_ym19_1_1559663719902_9384\">Danielius\u00a0<\/span><span style=\"font-size: small;\">\u0160<\/span>ar\u016bnas, I\u017edininkas Kanadoje<br \/>\n<span id=\"m_-1361877975475267594m_-1950735337430417756m_2606440255802005231m_-3477066494768828055ydp24fd6380m_-5048368457244432257yiv2541668013yui_3_16_0_ym19_1_1559663719902_9387\"><a href=\"mailto:danielius@salfass.org\" target=\"_blank\" rel=\"noopener\">danielius@salfass.org<\/a><\/span><\/span><\/div>\n<div id=\"m_-1361877975475267594m_-1950735337430417756m_2606440255802005231m_-3477066494768828055ydp24fd6380m_-5048368457244432257yiv2541668013yui_3_16_0_ym19_1_1559663719902_9383\"><span style=\"font-family: arial, sans-serif;\">\u00a0<\/span><\/div>\n<div id=\"m_-1361877975475267594m_-1950735337430417756m_2606440255802005231m_-3477066494768828055ydp24fd6380m_-5048368457244432257yiv2541668013yui_3_16_0_ym19_1_1559663719902_9383\">\n<div id=\"m_-1361877975475267594m_-1950735337430417756m_2606440255802005231m_-3477066494768828055ydp24fd6380m_-5048368457244432257yiv2541668013yui_3_16_0_ym19_1_1559663719902_9388\"><span style=\"font-family: arial, sans-serif;\">Marius \u010cepulionis, Valdybos sekretorius<br \/>\n<\/span><\/div>\n<div id=\"m_-1361877975475267594m_-1950735337430417756m_2606440255802005231m_-3477066494768828055ydp24fd6380m_-5048368457244432257yiv2541668013yui_3_16_0_ym19_1_1559663719902_9403\" dir=\"ltr\"><span style=\"font-family: arial, sans-serif;\"><span id=\"m_-1361877975475267594m_-1950735337430417756m_2606440255802005231m_-3477066494768828055ydp24fd6380m_-5048368457244432257yui_3_16_0_ym19_1_1559671845258_2388\"><\/span><a href=\"mailto:marius@salfass.org\" target=\"_blank\" rel=\"noopener\">marius@salfass.org<\/a><\/span><\/div>\n<\/div>\n<div id=\"m_-1361877975475267594m_-1950735337430417756m_2606440255802005231m_-3477066494768828055ydp24fd6380m_-5048368457244432257yiv2541668013yui_3_16_0_ym19_1_1559663719902_9383\">\n<h1><span style=\"font-family: arial, sans-serif;\"><span style=\"font-size: small;\">\u0160ALFASS Regionin<\/span><span style=\"font-size: small;\">\u0117s Apygardos<\/span><\/span><\/h1>\n<\/div>\n<\/div>\n<div><\/div>\n<div id=\"m_-1361877975475267594m_-1950735337430417756m_2606440255802005231m_-3477066494768828055ydp24fd6380m_-5048368457244432257yiv2541668013yui_3_16_0_ym19_1_1559663719902_9365\"><span style=\"font-family: arial, sans-serif;\"><span id=\"m_-1361877975475267594m_-1950735337430417756m_2606440255802005231m_-3477066494768828055ydp24fd6380m_-5048368457244432257yiv2541668013yui_3_16_0_ym19_1_1559663719902_9366\">Deivis Pavasaris, Ryt\u0173 apygardos pirmininkas<\/span><\/span><\/div>\n<div id=\"m_-1361877975475267594m_-1950735337430417756m_2606440255802005231m_-3477066494768828055ydp24fd6380m_-5048368457244432257yiv2541668013yui_3_16_0_ym19_1_1559663719902_9365\"><span style=\"font-family: arial, sans-serif;\"><a href=\"mailto:deivis_pavasaris@yahoo.com\" target=\"_blank\" rel=\"noopener\">deivis_pavasaris@yahoo.com<\/a><br \/>\n<\/span><\/div>\n<div id=\"m_-1361877975475267594m_-1950735337430417756m_2606440255802005231m_-3477066494768828055ydp24fd6380m_-5048368457244432257yiv2541668013yui_3_16_0_ym19_1_1559663719902_9365\"><span style=\"font-family: arial, sans-serif;\">\u00a0<\/span><\/div>\n<div><\/div>\n<div id=\"m_-1361877975475267594m_-1950735337430417756m_2606440255802005231m_-3477066494768828055ydp24fd6380m_-5048368457244432257yiv2541668013yui_3_16_0_ym19_1_1559663719902_9370\"><span style=\"font-family: arial, sans-serif;\"><span id=\"m_-1361877975475267594m_-1950735337430417756m_2606440255802005231m_-3477066494768828055ydp24fd6380m_-5048368457244432257yiv2541668013yui_3_16_0_ym19_1_1559663719902_9371\">Aurimas Matulevi\u010dius, Vidurio Vakar\u0173 apygardos pirmininkas<\/span><\/span><\/div>\n<div id=\"m_-1361877975475267594m_-1950735337430417756m_2606440255802005231m_-3477066494768828055ydp24fd6380m_-5048368457244432257yiv2541668013yui_3_16_0_ym19_1_1559663719902_9370\"><span style=\"font-family: arial, sans-serif;\"><a href=\"mailto:aurimas23@yahoo.com\" target=\"_blank\" rel=\"noopener\">aurimas23@yahoo.com<\/a><\/span><\/div>\n<div id=\"m_-1361877975475267594m_-1950735337430417756m_2606440255802005231m_-3477066494768828055ydp24fd6380m_-5048368457244432257yiv2541668013yui_3_16_0_ym19_1_1559663719902_9370\"><span style=\"font-family: arial, sans-serif;\">\u00a0<\/span><\/div>\n<div id=\"m_-1361877975475267594m_-1950735337430417756m_2606440255802005231m_-3477066494768828055ydp24fd6380m_-5048368457244432257yiv2541668013yui_3_16_0_ym19_1_1559663719902_9370\"><span style=\"font-family: arial, sans-serif;\">Stasys Kuliavas, Kanados apygardos pirmininkas<\/span><\/div>\n<div id=\"m_-1361877975475267594m_-1950735337430417756m_2606440255802005231m_-3477066494768828055ydp24fd6380m_-5048368457244432257yiv2541668013yui_3_16_0_ym19_1_1559663719902_9370\"><span style=\"font-family: arial, sans-serif;\"><a href=\"mailto:stasys@salfass.org\" target=\"_blank\" rel=\"noopener\">stasys@salfass.org<\/a><\/span><\/div>\n<\/div>\n<\/div>\n<\/div>\n<\/div>\n","protected":false},"excerpt":{"rendered":"<p>Contact us \u0160ALFASS valdyba Stasys Kuliavas, Prezidentas stasys@salfass.org \u00a0 Paulius Ri\u0161kus, Vice Prezidentas\/Krep\u0161inio sekcijos vadovas paulius@salfass.org \u00a0 Antanas\u00a0Ri\u0161kus, Narys antanas@salfass.org \u00a0 Pete Titas, Narys pete@salfass.org \u00a0 Rasa Mitrulevi\u010dien\u0117, I\u017edinink\u0117 JAV rasa@salfass.org \u00a0 Danielius\u00a0\u0160ar\u016bnas, I\u017edininkas Kanadoje danielius@salfass.org \u00a0 Marius \u010cepulionis, Valdybos sekretorius marius@salfass.org \u0160ALFASS Regionin\u0117s Apygardos Deivis Pavasaris, Ryt\u0173 apygardos pirmininkas deivis_pavasaris@yahoo.com \u00a0 Aurimas Matulevi\u010dius, Vidurio &hellip; <\/p>\n<p><a class=\"more-link btn\" href=\"http:\/\/www.salfass.org\/sportas\/kreipkites\/\">Continue reading &raquo;<\/a><\/p>\n","protected":false},"author":2,"featured_media":0,"parent":0,"menu_order":0,"comment_status":"closed","ping_status":"closed","template":"","meta":{"_monsterinsights_skip_tracking":false,"_monsterinsights_sitenote_active":false,"_monsterinsights_sitenote_note":"","_monsterinsights_sitenote_category":0,"footnotes":""},"class_list":["post-12","page","type-page","status-publish","hentry","nodate","item-wrap"],"_links":{"self":[{"href":"http:\/\/www.salfass.org\/sportas\/wp-json\/wp\/v2\/pages\/12","targetHints":{"allow":["GET"]}}],"collection":[{"href":"http:\/\/www.salfass.org\/sportas\/wp-json\/wp\/v2\/pages"}],"about":[{"href":"http:\/\/www.salfass.org\/sportas\/wp-json\/wp\/v2\/types\/page"}],"author":[{"embeddable":true,"href":"http:\/\/www.salfass.org\/sportas\/wp-json\/wp\/v2\/users\/2"}],"replies":[{"embeddable":true,"href":"http:\/\/www.salfass.org\/sportas\/wp-json\/wp\/v2\/comments?post=12"}],"version-history":[{"count":24,"href":"http:\/\/www.salfass.org\/sportas\/wp-json\/wp\/v2\/pages\/12\/revisions"}],"predecessor-version":[{"id":3609,"href":"http:\/\/www.salfass.org\/sportas\/wp-json\/wp\/v2\/pages\/12\/revisions\/3609"}],"wp:attachment":[{"href":"http:\/\/www.salfass.org\/sportas\/wp-json\/wp\/v2\/media?parent=12"}],"curies":[{"name":"wp","href":"https:\/\/api.w.org\/{rel}","templated":true}]}}