{"id":167,"date":"2009-02-12T10:45:44","date_gmt":"2009-02-12T15:45:44","guid":{"rendered":"http:\/\/salfass.org\/?page_id=167"},"modified":"2024-04-25T12:05:17","modified_gmt":"2024-04-25T17:05:17","slug":"registracija","status":"publish","type":"page","link":"http:\/\/www.salfass.org\/sportas\/registracija\/","title":{"rendered":"2023m. &#8211; 2024m. Registracija"},"content":{"rendered":"<h1>2023 &#8211; 2024 Registration<\/h1>\n<p><br \/>&#8212;&#8212;&#8212;&#8212;&#8211;<\/p>\n<p>Registracija 2023\/2024<\/p>\n<div dir=\"auto\">Club Registration $100<\/div>\n<div dir=\"auto\">\u00a0<\/div>\n<div dir=\"auto\">Member Registration;<\/div>\n<div dir=\"auto\">2004-older $10<\/div>\n<div dir=\"auto\">2005-2009 $8<\/div>\n<div dir=\"auto\">2010-younger $5<\/div>\n<div dir=\"auto\">\u00a0<\/div>\n<div dir=\"auto\">Divisions:<\/div>\n<div dir=\"auto\">Jr A:\u00a0 2005-2007<\/div>\n<div dir=\"auto\">Jr B:\u00a0 2008-2009<\/div>\n<div dir=\"auto\">Jr C:\u00a0 2010-2011<\/div>\n<div dir=\"auto\">Jr D:\u00a0 2012-2013<\/div>\n<div dir=\"auto\">Jr E:\u00a0 2014-2015<\/div>\n<div dir=\"auto\">Molecules: 2016-younger<\/div>\n<p>1) <a title=\"Application for membership\" href=\"http:\/\/salfass.org\/sportas\/wp-content\/uploads\/salfass-narioistojimolapas.pdf\"><strong>Nario \u012fstojimo lapas<\/strong><\/a><br \/>2) <a title=\"Application for membership renewal\" href=\"http:\/\/salfass.org\/sportas\/wp-content\/uploads\/salfass-nariometinesregistracijoslapas.pdf\"><strong>Nario metin\u0117s registracijos lapas<\/strong><\/a><br \/>3) <a title=\"Member-patron registration form\" href=\"http:\/\/salfass.org\/sportas\/wp-content\/uploads\/salfass-nario-remejoregistracijoslapas.pdf\"><strong>Nario-rem\u0117jo registracijos lapas<\/strong><\/a><br \/>4) <a title=\"Sports club annual registration form\" href=\"http:\/\/salfass.org\/sportas\/wp-content\/uploads\/salfass-klubometinesregistracijoslapas.pdf\"><strong>Klubo metinis registracijos lapas<\/strong><\/a><br \/>5) <a href=\"http:\/\/salfass.org\/sportas\/wp-content\/uploads\/2009registracijoslapas1.pdf\">2024 registracijos lapas<br \/><\/a>6) <a href=\"http:\/\/salfass.org\/sportas\/wp-content\/uploads\/2010-SALFASS-Metines-Nariu-Registracijos-Instrukcijos.pdf\">2024 registracijos instrukcijos<\/a><\/p>\n\n\n<p><\/p>\n","protected":false},"excerpt":{"rendered":"<p>2023 &#8211; 2024 Registration &#8212;&#8212;&#8212;&#8212;&#8211; Registracija 2023\/2024 Club Registration $100 \u00a0 Member Registration; 2004-older $10 2005-2009 $8 2010-younger $5 \u00a0 Divisions: Jr A:\u00a0 2005-2007 Jr B:\u00a0 2008-2009 Jr C:\u00a0 2010-2011 Jr D:\u00a0 2012-2013 Jr E:\u00a0 2014-2015 Molecules: 2016-younger 1) Nario \u012fstojimo lapas2) Nario metin\u0117s registracijos lapas3) Nario-rem\u0117jo registracijos lapas4) Klubo metinis registracijos lapas5) 2024 registracijos &hellip; <\/p>\n<p><a class=\"more-link btn\" href=\"http:\/\/www.salfass.org\/sportas\/registracija\/\">Continue reading &raquo;<\/a><\/p>\n","protected":false},"author":2,"featured_media":0,"parent":0,"menu_order":0,"comment_status":"closed","ping_status":"closed","template":"","meta":{"_monsterinsights_skip_tracking":false,"_monsterinsights_sitenote_active":false,"_monsterinsights_sitenote_note":"","_monsterinsights_sitenote_category":0,"footnotes":""},"class_list":["post-167","page","type-page","status-publish","hentry","nodate","item-wrap"],"_links":{"self":[{"href":"http:\/\/www.salfass.org\/sportas\/wp-json\/wp\/v2\/pages\/167","targetHints":{"allow":["GET"]}}],"collection":[{"href":"http:\/\/www.salfass.org\/sportas\/wp-json\/wp\/v2\/pages"}],"about":[{"href":"http:\/\/www.salfass.org\/sportas\/wp-json\/wp\/v2\/types\/page"}],"author":[{"embeddable":true,"href":"http:\/\/www.salfass.org\/sportas\/wp-json\/wp\/v2\/users\/2"}],"replies":[{"embeddable":true,"href":"http:\/\/www.salfass.org\/sportas\/wp-json\/wp\/v2\/comments?post=167"}],"version-history":[{"count":37,"href":"http:\/\/www.salfass.org\/sportas\/wp-json\/wp\/v2\/pages\/167\/revisions"}],"predecessor-version":[{"id":3613,"href":"http:\/\/www.salfass.org\/sportas\/wp-json\/wp\/v2\/pages\/167\/revisions\/3613"}],"wp:attachment":[{"href":"http:\/\/www.salfass.org\/sportas\/wp-json\/wp\/v2\/media?parent=167"}],"curies":[{"name":"wp","href":"https:\/\/api.w.org\/{rel}","templated":true}]}}