{"id":2083,"date":"2013-07-17T16:37:26","date_gmt":"2013-07-17T21:37:26","guid":{"rendered":"http:\/\/salfass.org\/?page_id=2083"},"modified":"2013-07-17T19:27:51","modified_gmt":"2013-07-18T00:27:51","slug":"al-plsz","status":"publish","type":"page","link":"http:\/\/www.salfass.org\/sportas\/al-plsz\/","title":{"rendered":"Pasaulio lietuvi\u0173 sporto \u017eaidyn\u0117s &#8211; Amerikos lietuvis"},"content":{"rendered":"<p><a href=\"http:\/\/salfass.org\/sportas\/wp-content\/uploads\/AL-PLSZ.pdf\" target=\"_blank\">Amerikos Lietuvis<\/a> (pdf)<br \/>\n<iframe loading=\"lazy\" src=\"http:\/\/salfass.org\/sportas\/wp-content\/uploads\/AL-PLSZ.pdf\" height=\"1200\" width=\"900\" frameborder=\"0\"><\/iframe><\/p>\n","protected":false},"excerpt":{"rendered":"<p>Amerikos Lietuvis (pdf)<\/p>\n","protected":false},"author":2,"featured_media":0,"parent":0,"menu_order":0,"comment_status":"closed","ping_status":"closed","template":"template-onecolumn.php","meta":{"_monsterinsights_skip_tracking":false,"_monsterinsights_sitenote_active":false,"_monsterinsights_sitenote_note":"","_monsterinsights_sitenote_category":0,"footnotes":""},"class_list":["post-2083","page","type-page","status-publish","hentry","nodate","item-wrap"],"_links":{"self":[{"href":"http:\/\/www.salfass.org\/sportas\/wp-json\/wp\/v2\/pages\/2083","targetHints":{"allow":["GET"]}}],"collection":[{"href":"http:\/\/www.salfass.org\/sportas\/wp-json\/wp\/v2\/pages"}],"about":[{"href":"http:\/\/www.salfass.org\/sportas\/wp-json\/wp\/v2\/types\/page"}],"author":[{"embeddable":true,"href":"http:\/\/www.salfass.org\/sportas\/wp-json\/wp\/v2\/users\/2"}],"replies":[{"embeddable":true,"href":"http:\/\/www.salfass.org\/sportas\/wp-json\/wp\/v2\/comments?post=2083"}],"version-history":[{"count":6,"href":"http:\/\/www.salfass.org\/sportas\/wp-json\/wp\/v2\/pages\/2083\/revisions"}],"predecessor-version":[{"id":2102,"href":"http:\/\/www.salfass.org\/sportas\/wp-json\/wp\/v2\/pages\/2083\/revisions\/2102"}],"wp:attachment":[{"href":"http:\/\/www.salfass.org\/sportas\/wp-json\/wp\/v2\/media?parent=2083"}],"curies":[{"name":"wp","href":"https:\/\/api.w.org\/{rel}","templated":true}]}}