{"id":2408,"date":"2014-11-17T09:08:24","date_gmt":"2014-11-17T14:08:24","guid":{"rendered":"http:\/\/salfass.org\/?page_id=2408"},"modified":"2021-04-01T14:02:41","modified_gmt":"2021-04-01T19:02:41","slug":"lse-salfass","status":"publish","type":"page","link":"http:\/\/www.salfass.org\/sportas\/about\/lse-salfass\/","title":{"rendered":"Lietuvos sporto enciklopedija &#8211; Apie \u0160ALFASS"},"content":{"rendered":"<p><a href=\"http:\/\/www.lse.lt\/index.php?1833835647\" target=\"_blank\" rel=\"noopener\">Lietuvos sporto enciklopedija &#8211; Apie \u0160ALFASS<\/a><\/p>\n<p><strong><a href=\"http:\/\/www.lse.lt\"><img loading=\"lazy\" decoding=\"async\" class=\"alignright size-full wp-image-802\" src=\"http:\/\/salfass.org\/sportas\/wp-content\/uploads\/lse_logo_www200x139.jpg\" alt=\"lse_logo_www200x139\" width=\"200\" height=\"139\"><\/a>\u0160iaur\u0117s Amerikos lietuvi\u0173 fizinio aukl\u0117jimo ir sporto s\u0105junga, \u0160ALFASS<\/strong><strong>&nbsp;<\/strong>(1947-65&nbsp;<strong>Vyriausias fizinio aukl\u0117jimo ir sporto komitetas<\/strong>,&nbsp;<strong>Vyr. FASK<\/strong>), visuom. organizacija, vienijanti \u0160.&nbsp;Amerikos liet. sporto klubus, koordinuojanti j\u0173 veikl\u0105, organizuojanti geriausi\u0173 \u0160.&nbsp;Amerikos lietuvi\u0173 sportinink\u0173 i\u0161vykas rungtyniauti \u012f kitus \u017eemynus, \u0161alis, palaikanti ry\u0161ius su Pasaulio lietuvi\u0173 bendruomene (PLB), Australijos lietuvi\u0173 fizinio aukl\u0117jimo s\u0105junga (ALFAS) ir Lietuvos Respublikos sporto organizacijomis, siekianti ir skatinanti liet. kilm\u0117s i\u0161eivi\u0173 lietuvyb\u0117s i\u0161laikym\u0105. 1947 Vokietijoje \u012fkurtas Vyr. FASK vadovavo visos Vokietijos liet. i\u0161eivi\u0173 sportui. 1949 daugumai liet. i\u0161eivi\u0173 persik\u0117lus \u012f JAV, Kanad\u0105, Australij\u0105, jo veikla 1951-52 atnaujinta \u010cikagoje, jis vienijo Amerikos ir Kanados lietuvi\u0173 sporto organizacijas. 1965 Klivlande (<em>Cleveland<\/em>, JAV) vykusiame sporto vadov\u0173 suva\u017eiavime FASK vardas buvo pakeistas \u012f \u0160iaur\u0117s Amerikos lietuvi\u0173 fizinio aukl\u0117jimo ir sporto s\u0105jung\u0105 (\u0160ALFASS).<\/p>\n<p>1947 FASK vienijo 24&nbsp;sporto klubus, kuriuose buvo 383&nbsp;nariai, \u0160ALFASS 2006&nbsp;&#8211; 28&nbsp;klubus, turin\u010dius 868&nbsp;narius, 2011&nbsp;&#8211; &gt;&nbsp;30&nbsp;klub\u0173, turin\u010di\u0173 ~&nbsp;1000&nbsp;nari\u0173.<\/p>\n<p>\u0160ALFASS &nbsp;1957-69 leido \u017eurnal\u0105&nbsp;<em>\u00ad&nbsp;Sportas<\/em>, 1978 Toronte sureng\u0117 pirm\u0105sias ir 1983 \u010cikagoje antr\u0105sias&nbsp;<em>\u00ad&nbsp;Pasaulio lietuvi\u0173 sporto \u017eaidynes<\/em>. Nuo 1951 atskiri \u0160ALFASS &nbsp;sporto klubai organizuoja \u0160ALFASS &nbsp;metines \u017eaidynes. Vyksta kasmetiniai \u0160ALFASS suva\u017eiavimai.<\/p>\n<p>\u0160ALFASS &nbsp;garb\u0117s nariai: Juozas Ba\u010di\u016bnas (nuo 1963), Pranas Berneckas (nuo 1979), Algirdas Bielskus ir Bronius Keturakis (nuo 1983), Vytautas Grybauskas (nuo 1986), Sigitas Kra\u0161auskas (nuo 1990), Pranas Mickevi\u010dius (nuo 1991), Zigmas \u017diupsnys (nuo 1992), Pranas Gvildys (nuo 1994), Rimantas Dirvonis (nuo 1996), Valdas Adamkus (nuo 1997), Aleksandras Vakselis ir Kazimieras Sapo\u010dkinas (nuo 1998), Jonas Ne\u0161ukaitis (nuo 1999), Antanas Supronas (nuo 2000), Remigijus Ga\u0161ka (2001), vysk. Paulius Baltakis ir Elvyra Vodopolien\u0117 (nuo 2003), K\u0119stutis \u010cerkeli\u016bnas (nuo 2005), Aleksas Lauraitis (nuo 2006), Edvardas \u0160ulaitis ir Jonas Gustainis (nuo 2008).<\/p>\n<p>\u0160ALFASS &nbsp;pirmininkai: Leonas Baltr\u016bnas (1946), Zenonas Puzinauskas (1947-49), Valdas Adamkavi\u010dius-Adamkus (laikinasis&nbsp;&#8211; 1949, 1950), Zenonas Puzinauskas (1952), Bronius Keturakis (1952-56), Algirdas Nasvytis (1956-59), Aleksandras Vakselis (1959-61), Jaunutis Pijus Nasvytis (1961-65), Jonas Gustainis (1965), Sigitas Kra\u0161auskas (1965-68, 1970-72), Algirdas Bielskus (1968-70), Jonas Baris (1972-74), Edmundas Ringus (1974-76), Pranas Berneckas (1976-81, 1984-87), Valdas Adamkus (1981-84, 1987-91), Audrius \u0160ileika (1991-2001), Rimantas Dirvonis (2001-04), Kazimieras Deksnys (2004-07), Laurynas Misevi\u010dius (nuo 2007).<\/p>\n<p><strong>L: K.&nbsp;\u010cerkeli\u016bnas, P.&nbsp;Mickevi\u010dius, S.&nbsp;Kra\u0161auskas<\/strong><strong>&nbsp;<\/strong><em>I\u0161eivijos lietuvi\u0173 sportas 1944-1984<\/em><em>&nbsp;<\/em>Toronto 1986;&nbsp;<strong>S.&nbsp;Kra\u0161auskas<\/strong>&nbsp;<em>Penkiasde\u0161imt sportin\u0117s veiklos met\u0173 i\u0161eivijoje<\/em>&nbsp;Toronto, Ontario 2001.<\/p>\n<p><em>Laurynas Misevi\u010dius, Stanislovas Stonkus<\/em><\/p>\n","protected":false},"excerpt":{"rendered":"<p>Lietuvos sporto enciklopedija &#8211; Apie \u0160ALFASS \u0160iaur\u0117s Amerikos lietuvi\u0173 fizinio aukl\u0117jimo ir sporto s\u0105junga, \u0160ALFASS&nbsp;(1947-65&nbsp;Vyriausias fizinio aukl\u0117jimo ir sporto komitetas,&nbsp;Vyr. FASK), visuom. organizacija, vienijanti \u0160.&nbsp;Amerikos liet. sporto klubus, koordinuojanti j\u0173 veikl\u0105, organizuojanti geriausi\u0173 \u0160.&nbsp;Amerikos lietuvi\u0173 sportinink\u0173 i\u0161vykas rungtyniauti \u012f kitus \u017eemynus, \u0161alis, palaikanti ry\u0161ius su Pasaulio lietuvi\u0173 bendruomene (PLB), Australijos lietuvi\u0173 fizinio aukl\u0117jimo s\u0105junga (ALFAS) &hellip; <\/p>\n<p><a class=\"more-link btn\" href=\"http:\/\/www.salfass.org\/sportas\/about\/lse-salfass\/\">Continue reading &raquo;<\/a><\/p>\n","protected":false},"author":2,"featured_media":0,"parent":2,"menu_order":0,"comment_status":"closed","ping_status":"closed","template":"","meta":{"_monsterinsights_skip_tracking":false,"_monsterinsights_sitenote_active":false,"_monsterinsights_sitenote_note":"","_monsterinsights_sitenote_category":0,"footnotes":""},"class_list":["post-2408","page","type-page","status-publish","hentry","nodate","item-wrap"],"_links":{"self":[{"href":"http:\/\/www.salfass.org\/sportas\/wp-json\/wp\/v2\/pages\/2408","targetHints":{"allow":["GET"]}}],"collection":[{"href":"http:\/\/www.salfass.org\/sportas\/wp-json\/wp\/v2\/pages"}],"about":[{"href":"http:\/\/www.salfass.org\/sportas\/wp-json\/wp\/v2\/types\/page"}],"author":[{"embeddable":true,"href":"http:\/\/www.salfass.org\/sportas\/wp-json\/wp\/v2\/users\/2"}],"replies":[{"embeddable":true,"href":"http:\/\/www.salfass.org\/sportas\/wp-json\/wp\/v2\/comments?post=2408"}],"version-history":[{"count":11,"href":"http:\/\/www.salfass.org\/sportas\/wp-json\/wp\/v2\/pages\/2408\/revisions"}],"predecessor-version":[{"id":3291,"href":"http:\/\/www.salfass.org\/sportas\/wp-json\/wp\/v2\/pages\/2408\/revisions\/3291"}],"up":[{"embeddable":true,"href":"http:\/\/www.salfass.org\/sportas\/wp-json\/wp\/v2\/pages\/2"}],"wp:attachment":[{"href":"http:\/\/www.salfass.org\/sportas\/wp-json\/wp\/v2\/media?parent=2408"}],"curies":[{"name":"wp","href":"https:\/\/api.w.org\/{rel}","templated":true}]}}